{"id":8,"date":"2026-03-12T11:51:23","date_gmt":"2026-03-12T11:51:23","guid":{"rendered":"https:\/\/torresperitaciones.rkinformatika.online\/?page_id=8"},"modified":"2026-03-24T10:32:33","modified_gmt":"2026-03-24T10:32:33","slug":"inicio","status":"publish","type":"page","link":"https:\/\/torresperitaciones.com\/eu\/","title":{"rendered":"Hasiera"},"content":{"rendered":"<div data-elementor-type=\"wp-page\" data-elementor-id=\"8\" class=\"elementor elementor-8\" data-elementor-post-type=\"page\">\n\t\t\t\t<div class=\"elementor-element elementor-element-28ebfdb e-flex e-con-boxed e-con e-parent\" data-id=\"28ebfdb\" data-element_type=\"container\" data-e-type=\"container\" data-settings=\"{&quot;background_background&quot;:&quot;classic&quot;}\">\n\t\t\t\t\t<div class=\"e-con-inner\">\n\t\t<div class=\"elementor-element elementor-element-8aaee1b e-con-full e-flex e-con e-child\" data-id=\"8aaee1b\" data-element_type=\"container\" data-e-type=\"container\">\n\t\t\t\t<div class=\"elementor-element elementor-element-365be61 elementor-widget elementor-widget-heading\" data-id=\"365be61\" data-element_type=\"widget\" data-e-type=\"widget\" data-widget_type=\"heading.default\">\n\t\t\t\t\t<h2 class=\"elementor-heading-title elementor-size-default\">Adituak peritazioetan <br> eta Balorazioetan<\/h2>\t\t\t\t<\/div>\n\t\t\t\t<div class=\"elementor-element elementor-element-c66e268 elementor-widget elementor-widget-heading\" data-id=\"c66e268\" data-element_type=\"widget\" data-e-type=\"widget\" data-widget_type=\"heading.default\">\n\t\t\t\t\t<h2 class=\"elementor-heading-title elementor-size-default\">Aseguruetarako eta istripu-kalteetarako zerbitzuak eta tasazioa eskaintzen ditugu <br> eta are gehiago, profesionaltasun eta zorroztasun osoz.<\/h2>\t\t\t\t<\/div>\n\t\t\t\t<div class=\"elementor-element elementor-element-db2d258 elementor-align-right elementor-widget elementor-widget-button\" data-id=\"db2d258\" data-element_type=\"widget\" data-e-type=\"widget\" data-widget_type=\"button.default\">\n\t\t\t\t\t\t\t\t\t\t<a class=\"elementor-button elementor-button-link elementor-size-sm\" href=\"\/eu\/servicios\/\">\n\t\t\t\t\t\t<span class=\"elementor-button-content-wrapper\">\n\t\t\t\t\t\t\t\t\t<span class=\"elementor-button-text\">Gure Zerbitzuak<\/span>\n\t\t\t\t\t<\/span>\n\t\t\t\t\t<\/a>\n\t\t\t\t\t\t\t\t<\/div>\n\t\t\t\t<\/div>\n\t\t\t\t\t<\/div>\n\t\t\t\t<\/div>\n\t\t<div class=\"elementor-element elementor-element-692ee19 e-flex e-con-boxed e-con e-parent\" data-id=\"692ee19\" data-element_type=\"container\" data-e-type=\"container\" data-settings=\"{&quot;background_background&quot;:&quot;classic&quot;}\">\n\t\t\t\t\t<div class=\"e-con-inner\">\n\t\t<div class=\"elementor-element elementor-element-4697189 e-con-full animated-slow e-flex elementor-invisible e-con e-child\" data-id=\"4697189\" data-element_type=\"container\" data-e-type=\"container\" data-settings=\"{&quot;animation&quot;:&quot;fadeInLeft&quot;}\">\n\t\t\t\t<div class=\"elementor-element elementor-element-c093446 elementor-widget elementor-widget-image\" data-id=\"c093446\" data-element_type=\"widget\" data-e-type=\"widget\" data-widget_type=\"image.default\">\n\t\t\t\t\t\t\t\t\t\t\t\t\t\t\t<img fetchpriority=\"high\" decoding=\"async\" width=\"1335\" height=\"2000\" src=\"https:\/\/torresperitaciones.com\/wp-content\/uploads\/2026\/03\/11648.jpg\" class=\"attachment-full size-full wp-image-691\" alt=\"\" srcset=\"https:\/\/torresperitaciones.com\/wp-content\/uploads\/2026\/03\/11648.jpg 1335w, https:\/\/torresperitaciones.com\/wp-content\/uploads\/2026\/03\/11648-200x300.jpg 200w, https:\/\/torresperitaciones.com\/wp-content\/uploads\/2026\/03\/11648-684x1024.jpg 684w, https:\/\/torresperitaciones.com\/wp-content\/uploads\/2026\/03\/11648-768x1151.jpg 768w, https:\/\/torresperitaciones.com\/wp-content\/uploads\/2026\/03\/11648-1025x1536.jpg 1025w, https:\/\/torresperitaciones.com\/wp-content\/uploads\/2026\/03\/11648-8x12.jpg 8w\" sizes=\"(max-width: 1335px) 100vw, 1335px\" \/>\t\t\t\t\t\t\t\t\t\t\t\t\t\t\t<\/div>\n\t\t\t\t<\/div>\n\t\t<div class=\"elementor-element elementor-element-081ace4 e-con-full e-flex e-con e-child\" data-id=\"081ace4\" data-element_type=\"container\" data-e-type=\"container\">\n\t\t\t\t<div class=\"elementor-element elementor-element-57b6809 elementor-invisible elementor-widget elementor-widget-heading\" data-id=\"57b6809\" data-element_type=\"widget\" data-e-type=\"widget\" data-settings=\"{&quot;_animation&quot;:&quot;fadeInRight&quot;}\" data-widget_type=\"heading.default\">\n\t\t\t\t\t<h2 class=\"elementor-heading-title elementor-size-default\">Guri buruz<\/h2>\t\t\t\t<\/div>\n\t\t\t\t<div class=\"elementor-element elementor-element-c28d744 elementor-invisible elementor-widget elementor-widget-heading\" data-id=\"c28d744\" data-element_type=\"widget\" data-e-type=\"widget\" data-settings=\"{&quot;_animation&quot;:&quot;fadeInRight&quot;}\" data-widget_type=\"heading.default\">\n\t\t\t\t\t<h2 class=\"elementor-heading-title elementor-size-default\">Peritazioetako profesionalak<\/h2>\t\t\t\t<\/div>\n\t\t\t\t<div class=\"elementor-element elementor-element-73aa27f animated-slow elementor-invisible elementor-widget elementor-widget-text-editor\" data-id=\"73aa27f\" data-element_type=\"widget\" data-e-type=\"widget\" data-settings=\"{&quot;_animation&quot;:&quot;fadeInRight&quot;}\" data-widget_type=\"text-editor.default\">\n\t\t\t\t\t\t\t\t\t<p>1998az geroztik, gure enpresa askotariko arriskuen tasazioan eta peritazioan aritzen da, eta hogei urte baino gehiagoko esperientzia du sektorean. Merkatuko produktuen ezagutza zehatza dugu, eta gure lana profesionaltasunak eta kalitateak gidatzen dute, Bizkaia osoan, probintzia mugakideetan eta eskatzen diren beste edozein eskualdetan zerbitzuak emanez.<\/p>\t\t\t\t\t\t\t\t<\/div>\n\t\t\t\t<div class=\"elementor-element elementor-element-25de145 animated-slow elementor-icon-list--layout-traditional elementor-list-item-link-full_width elementor-invisible elementor-widget elementor-widget-icon-list\" data-id=\"25de145\" data-element_type=\"widget\" data-e-type=\"widget\" data-settings=\"{&quot;_animation&quot;:&quot;fadeInUp&quot;}\" data-widget_type=\"icon-list.default\">\n\t\t\t\t\t\t\t<ul class=\"elementor-icon-list-items\">\n\t\t\t\t\t\t\t<li class=\"elementor-icon-list-item\">\n\t\t\t\t\t\t\t\t\t\t\t<span class=\"elementor-icon-list-icon\">\n\t\t\t\t\t\t\t<svg aria-hidden=\"true\" class=\"e-font-icon-svg e-fas-check-circle\" viewbox=\"0 0 512 512\" xmlns=\"http:\/\/www.w3.org\/2000\/svg\"><path d=\"M504 256c0 136.967-111.033 248-248 248S8 392.967 8 256 119.033 8 256 8s248 111.033 248 248zM227.314 387.314l184-184c6.248-6.248 6.248-16.379 0-22.627l-22.627-22.627c-6.248-6.249-16.379-6.249-22.628 0L216 308.118l-70.059-70.059c-6.248-6.248-16.379-6.248-22.628 0l-22.627 22.627c-6.248 6.248-6.248 16.379 0 22.627l104 104c6.249 6.249 16.379 6.249 22.628.001z\"><\/path><\/svg>\t\t\t\t\t\t<\/span>\n\t\t\t\t\t\t\t\t\t\t<span class=\"elementor-icon-list-text\">20 urtetik gorako esperientzia<\/span>\n\t\t\t\t\t\t\t\t\t<\/li>\n\t\t\t\t\t\t\t\t<li class=\"elementor-icon-list-item\">\n\t\t\t\t\t\t\t\t\t\t\t<span class=\"elementor-icon-list-icon\">\n\t\t\t\t\t\t\t<svg aria-hidden=\"true\" class=\"e-font-icon-svg e-fas-check-circle\" viewbox=\"0 0 512 512\" xmlns=\"http:\/\/www.w3.org\/2000\/svg\"><path d=\"M504 256c0 136.967-111.033 248-248 248S8 392.967 8 256 119.033 8 256 8s248 111.033 248 248zM227.314 387.314l184-184c6.248-6.248 6.248-16.379 0-22.627l-22.627-22.627c-6.248-6.249-16.379-6.249-22.628 0L216 308.118l-70.059-70.059c-6.248-6.248-16.379-6.248-22.628 0l-22.627 22.627c-6.248 6.248-6.248 16.379 0 22.627l104 104c6.249 6.249 16.379 6.249 22.628.001z\"><\/path><\/svg>\t\t\t\t\t\t<\/span>\n\t\t\t\t\t\t\t\t\t\t<span class=\"elementor-icon-list-text\">Talde ziurtatua eta espezializatua<\/span>\n\t\t\t\t\t\t\t\t\t<\/li>\n\t\t\t\t\t\t\t\t<li class=\"elementor-icon-list-item\">\n\t\t\t\t\t\t\t\t\t\t\t<span class=\"elementor-icon-list-icon\">\n\t\t\t\t\t\t\t<svg aria-hidden=\"true\" class=\"e-font-icon-svg e-fas-check-circle\" viewbox=\"0 0 512 512\" xmlns=\"http:\/\/www.w3.org\/2000\/svg\"><path d=\"M504 256c0 136.967-111.033 248-248 248S8 392.967 8 256 119.033 8 256 8s248 111.033 248 248zM227.314 387.314l184-184c6.248-6.248 6.248-16.379 0-22.627l-22.627-22.627c-6.248-6.249-16.379-6.249-22.628 0L216 308.118l-70.059-70.059c-6.248-6.248-16.379-6.248-22.628 0l-22.627 22.627c-6.248 6.248-6.248 16.379 0 22.627l104 104c6.249 6.249 16.379 6.249 22.628.001z\"><\/path><\/svg>\t\t\t\t\t\t<\/span>\n\t\t\t\t\t\t\t\t\t\t<span class=\"elementor-icon-list-text\">Azkartasuna eta zehaztasun handiena txostenetan<\/span>\n\t\t\t\t\t\t\t\t\t<\/li>\n\t\t\t\t\t\t<\/ul>\n\t\t\t\t\t\t<\/div>\n\t\t\t\t<\/div>\n\t\t\t\t\t<\/div>\n\t\t\t\t<\/div>\n\t\t<div class=\"elementor-element elementor-element-bd61bf0 e-flex e-con-boxed e-con e-parent\" data-id=\"bd61bf0\" data-element_type=\"container\" data-e-type=\"container\">\n\t\t\t\t\t<div class=\"e-con-inner\">\n\t\t\t\t<div class=\"elementor-element elementor-element-412265e elementor-widget elementor-widget-heading\" data-id=\"412265e\" data-element_type=\"widget\" data-e-type=\"widget\" data-widget_type=\"heading.default\">\n\t\t\t\t\t<h2 class=\"elementor-heading-title elementor-size-default\">Gure Zerbitzuak<\/h2>\t\t\t\t<\/div>\n\t\t\t\t\t<\/div>\n\t\t\t\t<\/div>\n\t\t<div class=\"elementor-element elementor-element-51e21c9 e-flex e-con-boxed elementor-invisible e-con e-parent\" data-id=\"51e21c9\" data-element_type=\"container\" data-e-type=\"container\" data-settings=\"{&quot;animation&quot;:&quot;fadeInUp&quot;}\">\n\t\t\t\t\t<div class=\"e-con-inner\">\n\t\t<div class=\"elementor-element elementor-element-ebc681d e-con-full e-flex e-con e-child\" data-id=\"ebc681d\" data-element_type=\"container\" data-e-type=\"container\">\n\t\t\t\t<div class=\"elementor-element elementor-element-e9518cc elementor-cta--skin-classic elementor-animated-content elementor-bg-transform elementor-bg-transform-zoom-in elementor-widget elementor-widget-call-to-action\" data-id=\"e9518cc\" data-element_type=\"widget\" data-e-type=\"widget\" data-widget_type=\"call-to-action.default\">\n\t\t\t\t\t\t\t<div class=\"elementor-cta\">\n\t\t\t\t\t<div class=\"elementor-cta__bg-wrapper\">\n\t\t\t\t<div class=\"elementor-cta__bg elementor-bg\" style=\"background-image: url(https:\/\/torresperitaciones.com\/wp-content\/uploads\/2026\/03\/2-2-1024x1024.png);\" role=\"img\" aria-label=\"2\"><\/div>\n\t\t\t\t<div class=\"elementor-cta__bg-overlay\"><\/div>\n\t\t\t<\/div>\n\t\t\t\t\t\t\t<div class=\"elementor-cta__content\">\n\t\t\t\t\n\t\t\t\t\t\t\t\t\t<h2 class=\"elementor-cta__title elementor-cta__content-item elementor-content-item\">\n\t\t\t\t\t\tKalteen peritazioak\t\t\t\t\t<\/h2>\n\t\t\t\t\n\t\t\t\t\t\t\t\t\t<div class=\"elementor-cta__description elementor-cta__content-item elementor-content-item\">\n\t\t\t\t\t\tKalteen ebaluazioa eta balorazioa\nibilgailuetan, higiezinetan eta beste ondasun batzuetan\t\t\t\t\t<\/div>\n\t\t\t\t\n\t\t\t\t\t\t\t<\/div>\n\t\t\t\t\t\t<\/div>\n\t\t\t\t\t\t<\/div>\n\t\t\t\t<\/div>\n\t\t<div class=\"elementor-element elementor-element-f18fea9 e-con-full e-flex e-con e-child\" data-id=\"f18fea9\" data-element_type=\"container\" data-e-type=\"container\">\n\t\t\t\t<div class=\"elementor-element elementor-element-3d24587 elementor-cta--layout-image-above elementor-cta--skin-classic elementor-animated-content elementor-bg-transform elementor-bg-transform-zoom-in elementor-widget elementor-widget-call-to-action\" data-id=\"3d24587\" data-element_type=\"widget\" data-e-type=\"widget\" data-widget_type=\"call-to-action.default\">\n\t\t\t\t\t\t\t<div class=\"elementor-cta\">\n\t\t\t\t\t<div class=\"elementor-cta__bg-wrapper\">\n\t\t\t\t<div class=\"elementor-cta__bg elementor-bg\" style=\"background-image: url(https:\/\/torresperitaciones.com\/wp-content\/uploads\/2026\/03\/3-2.png);\" role=\"img\" aria-label=\"3\"><\/div>\n\t\t\t\t<div class=\"elementor-cta__bg-overlay\"><\/div>\n\t\t\t<\/div>\n\t\t\t\t\t\t\t<div class=\"elementor-cta__content\">\n\t\t\t\t\n\t\t\t\t\t\t\t\t\t<h2 class=\"elementor-cta__title elementor-cta__content-item elementor-content-item\">\n\t\t\t\t\t\tBalorazioak eta tasazioak\t\t\t\t\t<\/h2>\n\t\t\t\t\n\t\t\t\t\t\t\t\t\t<div class=\"elementor-cta__description elementor-cta__content-item elementor-content-item\">\n\t\t\t\t\t\tAseguruetarako eta transakzioetarako jabetzak eta ondasunak tasatzea\t\t\t\t\t<\/div>\n\t\t\t\t\n\t\t\t\t\t\t\t<\/div>\n\t\t\t\t\t\t<\/div>\n\t\t\t\t\t\t<\/div>\n\t\t\t\t<\/div>\n\t\t<div class=\"elementor-element elementor-element-17cff96 e-con-full e-flex e-con e-child\" data-id=\"17cff96\" data-element_type=\"container\" data-e-type=\"container\">\n\t\t\t\t<div class=\"elementor-element elementor-element-2cf4391 elementor-cta--skin-classic elementor-animated-content elementor-bg-transform elementor-bg-transform-zoom-in elementor-widget elementor-widget-call-to-action\" data-id=\"2cf4391\" data-element_type=\"widget\" data-e-type=\"widget\" data-widget_type=\"call-to-action.default\">\n\t\t\t\t\t\t\t<div class=\"elementor-cta\">\n\t\t\t\t\t<div class=\"elementor-cta__bg-wrapper\">\n\t\t\t\t<div class=\"elementor-cta__bg elementor-bg\" style=\"background-image: url(https:\/\/torresperitaciones.com\/wp-content\/uploads\/2026\/03\/1-3-1024x1024.png);\" role=\"img\" aria-label=\"1\"><\/div>\n\t\t\t\t<div class=\"elementor-cta__bg-overlay\"><\/div>\n\t\t\t<\/div>\n\t\t\t\t\t\t\t<div class=\"elementor-cta__content\">\n\t\t\t\t\n\t\t\t\t\t\t\t\t\t<h2 class=\"elementor-cta__title elementor-cta__content-item elementor-content-item\">\n\t\t\t\t\t\tPeritaje judizialak\t\t\t\t\t<\/h2>\n\t\t\t\t\n\t\t\t\t\t\t\t\t\t<div class=\"elementor-cta__description elementor-cta__content-item elementor-content-item\">\n\t\t\t\t\t\tLege-kasu konplexuetan ebidentzia indartzen duten aditu-ebaluazio zehatzak.\t\t\t\t\t<\/div>\n\t\t\t\t\n\t\t\t\t\t\t\t<\/div>\n\t\t\t\t\t\t<\/div>\n\t\t\t\t\t\t<\/div>\n\t\t\t\t<\/div>\n\t\t\t\t\t<\/div>\n\t\t\t\t<\/div>\n\t\t<div class=\"elementor-element elementor-element-b531381 e-flex e-con-boxed e-con e-parent\" data-id=\"b531381\" data-element_type=\"container\" data-e-type=\"container\" data-settings=\"{&quot;background_background&quot;:&quot;classic&quot;}\">\n\t\t\t\t\t<div class=\"e-con-inner\">\n\t\t<div class=\"elementor-element elementor-element-feaf807 e-con-full e-flex e-con e-child\" data-id=\"feaf807\" data-element_type=\"container\" data-e-type=\"container\" data-settings=\"{&quot;background_background&quot;:&quot;classic&quot;}\">\n\t\t\t\t<div class=\"elementor-element elementor-element-b168ebf elementor-widget elementor-widget-heading\" data-id=\"b168ebf\" data-element_type=\"widget\" data-e-type=\"widget\" data-widget_type=\"heading.default\">\n\t\t\t\t\t<h2 class=\"elementor-heading-title elementor-size-default\">Adituak peritazioan 1998tik: babestu zure interesak gaur bertan<\/h2>\t\t\t\t<\/div>\n\t\t\t\t<div class=\"elementor-element elementor-element-9d1f910 elementor-invisible elementor-widget elementor-widget-button\" data-id=\"9d1f910\" data-element_type=\"widget\" data-e-type=\"widget\" data-settings=\"{&quot;_animation&quot;:&quot;fadeInUp&quot;}\" data-widget_type=\"button.default\">\n\t\t\t\t\t\t\t\t\t\t<a class=\"elementor-button elementor-button-link elementor-size-sm\" href=\"\/eu\/servicios\/\">\n\t\t\t\t\t\t<span class=\"elementor-button-content-wrapper\">\n\t\t\t\t\t\t\t\t\t<span class=\"elementor-button-text\">Ikusi zerbitzuak<\/span>\n\t\t\t\t\t<\/span>\n\t\t\t\t\t<\/a>\n\t\t\t\t\t\t\t\t<\/div>\n\t\t\t\t<\/div>\n\t\t\t\t\t<\/div>\n\t\t\t\t<\/div>\n\t\t\t\t<\/div>","protected":false},"excerpt":{"rendered":"<p>Expertos en Peritaciones y Valoraciones Ofrecemos servicios y tasaci\u00f3n para seguros, da\u00f1os accidentes y m\u00e1s, con total profesionalidady rigor. Nuestros Servicios Sobre nosotros Profesionales en Peritaciones Desde 1998, nuestra empresa se dedica a la tasaci\u00f3n y peritaci\u00f3n de riesgos diversos, con m\u00e1s de veinte a\u00f1os de experiencia en el sector. Contamos con un conocimiento preciso [&hellip;]<\/p>\n","protected":false},"author":1,"featured_media":0,"parent":0,"menu_order":0,"comment_status":"closed","ping_status":"closed","template":"elementor_canvas","meta":{"footnotes":""},"class_list":["post-8","page","type-page","status-publish","hentry"],"yoast_head":"<!-- This site is optimized with the Yoast SEO plugin v27.5 - https:\/\/yoast.com\/product\/yoast-seo-wordpress\/ -->\n<title>Inicio - Torres Peritaciones S.L.<\/title>\n<meta name=\"robots\" content=\"index, follow, max-snippet:-1, max-image-preview:large, max-video-preview:-1\" \/>\n<link rel=\"canonical\" href=\"https:\/\/torresperitaciones.com\/eu\/\" \/>\n<meta property=\"og:locale\" content=\"en_US\" \/>\n<meta property=\"og:type\" content=\"article\" \/>\n<meta property=\"og:title\" content=\"Inicio - Torres Peritaciones S.L.\" \/>\n<meta property=\"og:description\" content=\"Expertos en Peritaciones y Valoraciones Ofrecemos servicios y tasaci\u00f3n para seguros, da\u00f1os accidentes y m\u00e1s, con total profesionalidady rigor. Nuestros Servicios Sobre nosotros Profesionales en Peritaciones Desde 1998, nuestra empresa se dedica a la tasaci\u00f3n y peritaci\u00f3n de riesgos diversos, con m\u00e1s de veinte a\u00f1os de experiencia en el sector. Contamos con un conocimiento preciso [&hellip;]\" \/>\n<meta property=\"og:url\" content=\"https:\/\/torresperitaciones.com\/eu\/\" \/>\n<meta property=\"og:site_name\" content=\"Torres Peritaciones S.L.\" \/>\n<meta property=\"article:modified_time\" content=\"2026-03-24T10:32:33+00:00\" \/>\n<meta property=\"og:image\" content=\"https:\/\/torresperitaciones.com\/wp-content\/uploads\/2026\/03\/11648.jpg\" \/>\n\t<meta property=\"og:image:width\" content=\"1335\" \/>\n\t<meta property=\"og:image:height\" content=\"2000\" \/>\n\t<meta property=\"og:image:type\" content=\"image\/jpeg\" \/>\n<meta name=\"twitter:card\" content=\"summary_large_image\" \/>\n<meta name=\"twitter:label1\" content=\"Est. reading time\" \/>\n\t<meta name=\"twitter:data1\" content=\"1 minutua\" \/>\n<script type=\"application\/ld+json\" class=\"yoast-schema-graph\">{\"@context\":\"https:\\\/\\\/schema.org\",\"@graph\":[{\"@type\":\"WebPage\",\"@id\":\"https:\\\/\\\/torresperitaciones.com\\\/\",\"url\":\"https:\\\/\\\/torresperitaciones.com\\\/\",\"name\":\"Inicio - Torres Peritaciones S.L.\",\"isPartOf\":{\"@id\":\"https:\\\/\\\/torresperitaciones.com\\\/#website\"},\"primaryImageOfPage\":{\"@id\":\"https:\\\/\\\/torresperitaciones.com\\\/#primaryimage\"},\"image\":{\"@id\":\"https:\\\/\\\/torresperitaciones.com\\\/#primaryimage\"},\"thumbnailUrl\":\"https:\\\/\\\/torresperitaciones.com\\\/wp-content\\\/uploads\\\/2026\\\/03\\\/11648.jpg\",\"datePublished\":\"2026-03-12T11:51:23+00:00\",\"dateModified\":\"2026-03-24T10:32:33+00:00\",\"breadcrumb\":{\"@id\":\"https:\\\/\\\/torresperitaciones.com\\\/#breadcrumb\"},\"inLanguage\":\"eu\",\"potentialAction\":[{\"@type\":\"ReadAction\",\"target\":[\"https:\\\/\\\/torresperitaciones.com\\\/\"]}]},{\"@type\":\"ImageObject\",\"inLanguage\":\"eu\",\"@id\":\"https:\\\/\\\/torresperitaciones.com\\\/#primaryimage\",\"url\":\"https:\\\/\\\/torresperitaciones.com\\\/wp-content\\\/uploads\\\/2026\\\/03\\\/11648.jpg\",\"contentUrl\":\"https:\\\/\\\/torresperitaciones.com\\\/wp-content\\\/uploads\\\/2026\\\/03\\\/11648.jpg\"},{\"@type\":\"BreadcrumbList\",\"@id\":\"https:\\\/\\\/torresperitaciones.com\\\/#breadcrumb\",\"itemListElement\":[{\"@type\":\"ListItem\",\"position\":1,\"name\":\"Portada\",\"item\":\"https:\\\/\\\/torresperitaciones.com\\\/\"},{\"@type\":\"ListItem\",\"position\":2,\"name\":\"Inicio\"}]},{\"@type\":\"WebSite\",\"@id\":\"https:\\\/\\\/torresperitaciones.com\\\/#website\",\"url\":\"https:\\\/\\\/torresperitaciones.com\\\/\",\"name\":\"Torres Peritaciones S.L.\",\"description\":\"\",\"publisher\":{\"@id\":\"https:\\\/\\\/torresperitaciones.com\\\/#organization\"},\"potentialAction\":[{\"@type\":\"SearchAction\",\"target\":{\"@type\":\"EntryPoint\",\"urlTemplate\":\"https:\\\/\\\/torresperitaciones.com\\\/?s={search_term_string}\"},\"query-input\":{\"@type\":\"PropertyValueSpecification\",\"valueRequired\":true,\"valueName\":\"search_term_string\"}}],\"inLanguage\":\"eu\"},{\"@type\":\"Organization\",\"@id\":\"https:\\\/\\\/torresperitaciones.com\\\/#organization\",\"name\":\"Torres Peritaciones S.L.\",\"url\":\"https:\\\/\\\/torresperitaciones.com\\\/\",\"logo\":{\"@type\":\"ImageObject\",\"inLanguage\":\"eu\",\"@id\":\"https:\\\/\\\/torresperitaciones.com\\\/#\\\/schema\\\/logo\\\/image\\\/\",\"url\":\"https:\\\/\\\/torresperitaciones.com\\\/wp-content\\\/uploads\\\/2026\\\/03\\\/torresperitaciones202602_logo_web-scaled.png\",\"contentUrl\":\"https:\\\/\\\/torresperitaciones.com\\\/wp-content\\\/uploads\\\/2026\\\/03\\\/torresperitaciones202602_logo_web-scaled.png\",\"width\":2560,\"height\":1105,\"caption\":\"Torres Peritaciones S.L.\"},\"image\":{\"@id\":\"https:\\\/\\\/torresperitaciones.com\\\/#\\\/schema\\\/logo\\\/image\\\/\"}}]}<\/script>\n<!-- \/ Yoast SEO plugin. -->","yoast_head_json":{"title":"Inicio - Torres Peritaciones S.L.","robots":{"index":"index","follow":"follow","max-snippet":"max-snippet:-1","max-image-preview":"max-image-preview:large","max-video-preview":"max-video-preview:-1"},"canonical":"https:\/\/torresperitaciones.com\/eu\/","og_locale":"en_US","og_type":"article","og_title":"Inicio - Torres Peritaciones S.L.","og_description":"Expertos en Peritaciones y Valoraciones Ofrecemos servicios y tasaci\u00f3n para seguros, da\u00f1os accidentes y m\u00e1s, con total profesionalidady rigor. Nuestros Servicios Sobre nosotros Profesionales en Peritaciones Desde 1998, nuestra empresa se dedica a la tasaci\u00f3n y peritaci\u00f3n de riesgos diversos, con m\u00e1s de veinte a\u00f1os de experiencia en el sector. Contamos con un conocimiento preciso [&hellip;]","og_url":"https:\/\/torresperitaciones.com\/eu\/","og_site_name":"Torres Peritaciones S.L.","article_modified_time":"2026-03-24T10:32:33+00:00","og_image":[{"width":1335,"height":2000,"url":"https:\/\/torresperitaciones.com\/wp-content\/uploads\/2026\/03\/11648.jpg","type":"image\/jpeg"}],"twitter_card":"summary_large_image","twitter_misc":{"Est. reading time":"1 minutua"},"schema":{"@context":"https:\/\/schema.org","@graph":[{"@type":"WebPage","@id":"https:\/\/torresperitaciones.com\/","url":"https:\/\/torresperitaciones.com\/","name":"Inicio - Torres Peritaciones S.L.","isPartOf":{"@id":"https:\/\/torresperitaciones.com\/#website"},"primaryImageOfPage":{"@id":"https:\/\/torresperitaciones.com\/#primaryimage"},"image":{"@id":"https:\/\/torresperitaciones.com\/#primaryimage"},"thumbnailUrl":"https:\/\/torresperitaciones.com\/wp-content\/uploads\/2026\/03\/11648.jpg","datePublished":"2026-03-12T11:51:23+00:00","dateModified":"2026-03-24T10:32:33+00:00","breadcrumb":{"@id":"https:\/\/torresperitaciones.com\/#breadcrumb"},"inLanguage":"eu","potentialAction":[{"@type":"ReadAction","target":["https:\/\/torresperitaciones.com\/"]}]},{"@type":"ImageObject","inLanguage":"eu","@id":"https:\/\/torresperitaciones.com\/#primaryimage","url":"https:\/\/torresperitaciones.com\/wp-content\/uploads\/2026\/03\/11648.jpg","contentUrl":"https:\/\/torresperitaciones.com\/wp-content\/uploads\/2026\/03\/11648.jpg"},{"@type":"BreadcrumbList","@id":"https:\/\/torresperitaciones.com\/#breadcrumb","itemListElement":[{"@type":"ListItem","position":1,"name":"Portada","item":"https:\/\/torresperitaciones.com\/"},{"@type":"ListItem","position":2,"name":"Inicio"}]},{"@type":"WebSite","@id":"https:\/\/torresperitaciones.com\/#website","url":"https:\/\/torresperitaciones.com\/","name":"Torres Peritaciones S.L.","description":"","publisher":{"@id":"https:\/\/torresperitaciones.com\/#organization"},"potentialAction":[{"@type":"SearchAction","target":{"@type":"EntryPoint","urlTemplate":"https:\/\/torresperitaciones.com\/?s={search_term_string}"},"query-input":{"@type":"PropertyValueSpecification","valueRequired":true,"valueName":"search_term_string"}}],"inLanguage":"eu"},{"@type":"Organization","@id":"https:\/\/torresperitaciones.com\/#organization","name":"Torres Peritaciones S.L.","url":"https:\/\/torresperitaciones.com\/","logo":{"@type":"ImageObject","inLanguage":"eu","@id":"https:\/\/torresperitaciones.com\/#\/schema\/logo\/image\/","url":"https:\/\/torresperitaciones.com\/wp-content\/uploads\/2026\/03\/torresperitaciones202602_logo_web-scaled.png","contentUrl":"https:\/\/torresperitaciones.com\/wp-content\/uploads\/2026\/03\/torresperitaciones202602_logo_web-scaled.png","width":2560,"height":1105,"caption":"Torres Peritaciones S.L."},"image":{"@id":"https:\/\/torresperitaciones.com\/#\/schema\/logo\/image\/"}}]}},"_links":{"self":[{"href":"https:\/\/torresperitaciones.com\/eu\/wp-json\/wp\/v2\/pages\/8","targetHints":{"allow":["GET"]}}],"collection":[{"href":"https:\/\/torresperitaciones.com\/eu\/wp-json\/wp\/v2\/pages"}],"about":[{"href":"https:\/\/torresperitaciones.com\/eu\/wp-json\/wp\/v2\/types\/page"}],"author":[{"embeddable":true,"href":"https:\/\/torresperitaciones.com\/eu\/wp-json\/wp\/v2\/users\/1"}],"replies":[{"embeddable":true,"href":"https:\/\/torresperitaciones.com\/eu\/wp-json\/wp\/v2\/comments?post=8"}],"version-history":[{"count":85,"href":"https:\/\/torresperitaciones.com\/eu\/wp-json\/wp\/v2\/pages\/8\/revisions"}],"predecessor-version":[{"id":762,"href":"https:\/\/torresperitaciones.com\/eu\/wp-json\/wp\/v2\/pages\/8\/revisions\/762"}],"wp:attachment":[{"href":"https:\/\/torresperitaciones.com\/eu\/wp-json\/wp\/v2\/media?parent=8"}],"curies":[{"name":"wp","href":"https:\/\/api.w.org\/{rel}","templated":true}]}}